{"id":155,"date":"2017-11-17T14:46:42","date_gmt":"2017-11-17T13:46:42","guid":{"rendered":"https:\/\/www.fondationbarletta.org\/?page_id=155"},"modified":"2019-10-17T12:45:16","modified_gmt":"2019-10-17T10:45:16","slug":"programme","status":"publish","type":"page","link":"https:\/\/www.fondationbarletta.org\/fr\/programme\/","title":{"rendered":"Programme"},"content":{"rendered":"<p>[et_pb_section bb_built=\u00a0\u00bb1&Prime; fullwidth=\u00a0\u00bbon\u00a0\u00bb specialty=\u00a0\u00bboff\u00a0\u00bb inner_shadow=\u00a0\u00bbon\u00a0\u00bb _builder_version=\u00a0\u00bb3.21.4&Prime; next_background_color=\u00a0\u00bb#000000&Prime; z_index_tablet=\u00a0\u00bb500&Prime;][et_pb_fullwidth_header title=\u00a0\u00bbProgramme\u00a0\u00bb _builder_version=\u00a0\u00bb3.21.4&Prime; background_color=\u00a0\u00bbrgba(255, 255, 255, 0)\u00a0\u00bb button_one_text_size__hover_enabled=\u00a0\u00bboff\u00a0\u00bb button_one_text_size__hover=\u00a0\u00bbnull\u00a0\u00bb button_two_text_size__hover_enabled=\u00a0\u00bboff\u00a0\u00bb button_two_text_size__hover=\u00a0\u00bbnull\u00a0\u00bb button_one_text_color__hover_enabled=\u00a0\u00bboff\u00a0\u00bb button_one_text_color__hover=\u00a0\u00bbnull\u00a0\u00bb button_two_text_color__hover_enabled=\u00a0\u00bboff\u00a0\u00bb button_two_text_color__hover=\u00a0\u00bbnull\u00a0\u00bb button_one_border_width__hover_enabled=\u00a0\u00bboff\u00a0\u00bb button_one_border_width__hover=\u00a0\u00bbnull\u00a0\u00bb button_two_border_width__hover_enabled=\u00a0\u00bboff\u00a0\u00bb button_two_border_width__hover=\u00a0\u00bbnull\u00a0\u00bb button_one_border_color__hover_enabled=\u00a0\u00bboff\u00a0\u00bb button_one_border_color__hover=\u00a0\u00bbnull\u00a0\u00bb button_two_border_color__hover_enabled=\u00a0\u00bboff\u00a0\u00bb button_two_border_color__hover=\u00a0\u00bbnull\u00a0\u00bb button_one_border_radius__hover_enabled=\u00a0\u00bboff\u00a0\u00bb button_one_border_radius__hover=\u00a0\u00bbnull\u00a0\u00bb button_two_border_radius__hover_enabled=\u00a0\u00bboff\u00a0\u00bb button_two_border_radius__hover=\u00a0\u00bbnull\u00a0\u00bb button_one_letter_spacing__hover_enabled=\u00a0\u00bboff\u00a0\u00bb button_one_letter_spacing__hover=\u00a0\u00bbnull\u00a0\u00bb button_two_letter_spacing__hover_enabled=\u00a0\u00bboff\u00a0\u00bb button_two_letter_spacing__hover=\u00a0\u00bbnull\u00a0\u00bb button_one_bg_color__hover_enabled=\u00a0\u00bboff\u00a0\u00bb button_one_bg_color__hover=\u00a0\u00bbnull\u00a0\u00bb button_two_bg_color__hover_enabled=\u00a0\u00bboff\u00a0\u00bb button_two_bg_color__hover=\u00a0\u00bbnull\u00a0\u00bb background_image=\u00a0\u00bbhttps:\/\/www.fondationbarletta.org\/wp-content\/uploads\/2019\/04\/pipette_jaugee-banner.jpg\u00a0\u00bb z_index_tablet=\u00a0\u00bb500&Prime; \/][\/et_pb_section][et_pb_section bb_built=\u00a0\u00bb1&Prime; prev_background_color=\u00a0\u00bb#000000&Prime;][et_pb_row][et_pb_column type=\u00a0\u00bb4_4&Prime;][et_pb_text _builder_version=\u00a0\u00bb3.21.4&Prime; z_index_tablet=\u00a0\u00bb500&Prime;]<\/p>\n<p style=\"text-align: justify;\">La FNAB soutient des programmes de recherche ax\u00e9s sur l\u2019identification de cibles pour des th\u00e9rapies personnalis\u00e9es.<\/p>\n<p style=\"text-align: justify;\">Le cadre est clairement d\u00e9fini: la recherche doit viser \u00e0 optimiser les traitements anticanc\u00e9reux via des recommandations adapt\u00e9es \u00e0 chaque tumeur et \u00e0 chaque patient, le projet doit impliquer de nouveaux m\u00e9dicaments et \u00eatre r\u00e9alis\u00e9 en collaboration avec un centre de canc\u00e9rologie de r\u00e9f\u00e9rence ayant acc\u00e8s \u00e0 un large bassin de patients, h\u00e9bergeant des maladies rares, impliquant les unit\u00e9s de biologie mol\u00e9culaire et de pathologie, et visant \u00e0 terme des <a href=\"https:\/\/www.fondationbarletta.org\/publications\/\">publications<\/a> de facteurs \u00e0 fort impact. Les candidats potentiels doivent d\u00e9montrer une vocation pour la m\u00e9decine translationnelle.<\/p>\n<p style=\"text-align: justify;\">L&rsquo;intention est \u00e0 la fois objective et pragmatique: le projet doit prendre en compte les besoins humains et mat\u00e9riels pour une ex\u00e9cution r\u00e9ussie. La FNAB a pour objectif de fournir la structure et le cadre scientifique n\u00e9cessaires pour obtenir des informations que la communaut\u00e9 m\u00e9dicale peut exploiter directement.<\/p>\n<p style=\"text-align: justify;\">Les subventions sont typiquement attribu\u00e9es \u00e0 des chercheurs participant \u00e0 des programmes de ma\u00eetrise et de doctorat et servent g\u00e9n\u00e9ralement de catalyseur \u00e0 des projets tels que la caract\u00e9risation ph\u00e9notypique des tumeurs et l&rsquo;identification de nouvelles cibles. Bien que certains projets soient l\u00e9galement bas\u00e9s en Suisse, beaucoup sont allou\u00e9s \u00e0 l\u2019international. Plus d&rsquo;information disponible concernant notre <a href=\"https:\/\/www.fondationbarletta.org\/demande-de-financement\/\">financement<\/a> et les <a href=\"https:\/\/www.fondationbarletta.org\/nos-projets\/\">projets soutenus<\/a>.<\/p>\n<p>[\/et_pb_text][\/et_pb_column][\/et_pb_row][et_pb_row _builder_version=\u00a0\u00bb3.0.89&Prime;][et_pb_column type=\u00a0\u00bb4_4&Prime;][\/et_pb_column][\/et_pb_row][\/et_pb_section]<\/p>\n","protected":false},"excerpt":{"rendered":"<p><div class=\"et_pb_row et_pb_row_0 et_pb_row_empty\">\n\t\t\t\t\n\t\t\t\t\n\t\t\t\t\n\t\t\t\t\n\t\t\t\t\n\t\t\t<\/div> La FNAB soutient des programmes de recherche ax\u00e9s sur l\u2019identification de cibles pour des th\u00e9rapies personnalis\u00e9es.Le cadre est clairement d\u00e9fini: la recherche doit viser \u00e0 optimiser les traitements anticanc\u00e9reux via des recommandations adapt\u00e9es \u00e0 chaque tumeur et \u00e0 chaque patient, le projet doit impliquer de nouveaux m\u00e9dicaments et \u00eatre r\u00e9alis\u00e9 en collaboration avec un [&hellip;]<\/p>\n","protected":false},"author":1,"featured_media":0,"parent":0,"menu_order":0,"comment_status":"closed","ping_status":"closed","template":"","meta":{"_et_pb_use_builder":"on","_et_pb_old_content":"","_et_gb_content_width":"","footnotes":""},"class_list":["post-155","page","type-page","status-publish","hentry"],"aioseo_notices":[],"_links":{"self":[{"href":"https:\/\/www.fondationbarletta.org\/fr\/wp-json\/wp\/v2\/pages\/155","targetHints":{"allow":["GET"]}}],"collection":[{"href":"https:\/\/www.fondationbarletta.org\/fr\/wp-json\/wp\/v2\/pages"}],"about":[{"href":"https:\/\/www.fondationbarletta.org\/fr\/wp-json\/wp\/v2\/types\/page"}],"author":[{"embeddable":true,"href":"https:\/\/www.fondationbarletta.org\/fr\/wp-json\/wp\/v2\/users\/1"}],"replies":[{"embeddable":true,"href":"https:\/\/www.fondationbarletta.org\/fr\/wp-json\/wp\/v2\/comments?post=155"}],"version-history":[{"count":31,"href":"https:\/\/www.fondationbarletta.org\/fr\/wp-json\/wp\/v2\/pages\/155\/revisions"}],"predecessor-version":[{"id":1352,"href":"https:\/\/www.fondationbarletta.org\/fr\/wp-json\/wp\/v2\/pages\/155\/revisions\/1352"}],"wp:attachment":[{"href":"https:\/\/www.fondationbarletta.org\/fr\/wp-json\/wp\/v2\/media?parent=155"}],"curies":[{"name":"wp","href":"https:\/\/api.w.org\/{rel}","templated":true}]}}