{"id":169,"date":"2017-11-17T15:43:51","date_gmt":"2017-11-17T14:43:51","guid":{"rendered":"https:\/\/www.fondationbarletta.org\/?page_id=169"},"modified":"2019-10-17T12:49:43","modified_gmt":"2019-10-17T10:49:43","slug":"mission","status":"publish","type":"page","link":"https:\/\/www.fondationbarletta.org\/fr\/mission\/","title":{"rendered":"Mission"},"content":{"rendered":"<p>[et_pb_section bb_built=\u00a0\u00bb1&Prime; fullwidth=\u00a0\u00bbon\u00a0\u00bb specialty=\u00a0\u00bboff\u00a0\u00bb inner_shadow=\u00a0\u00bbon\u00a0\u00bb _builder_version=\u00a0\u00bb3.21.4&Prime; next_background_color=\u00a0\u00bb#000000&Prime; z_index_tablet=\u00a0\u00bb500&Prime;][et_pb_fullwidth_header title=\u00a0\u00bbMission\u00a0\u00bb _builder_version=\u00a0\u00bb3.21.4&Prime; max_width_tablet=\u00a0\u00bb50px\u00a0\u00bb background_color=\u00a0\u00bbrgba(255, 255, 255, 0)\u00a0\u00bb button_one_text_size__hover_enabled=\u00a0\u00bboff\u00a0\u00bb button_one_text_size__hover=\u00a0\u00bbnull\u00a0\u00bb button_two_text_size__hover_enabled=\u00a0\u00bboff\u00a0\u00bb button_two_text_size__hover=\u00a0\u00bbnull\u00a0\u00bb button_one_text_color__hover_enabled=\u00a0\u00bboff\u00a0\u00bb button_one_text_color__hover=\u00a0\u00bbnull\u00a0\u00bb button_two_text_color__hover_enabled=\u00a0\u00bboff\u00a0\u00bb button_two_text_color__hover=\u00a0\u00bbnull\u00a0\u00bb button_one_border_width__hover_enabled=\u00a0\u00bboff\u00a0\u00bb button_one_border_width__hover=\u00a0\u00bbnull\u00a0\u00bb button_two_border_width__hover_enabled=\u00a0\u00bboff\u00a0\u00bb button_two_border_width__hover=\u00a0\u00bbnull\u00a0\u00bb button_one_border_color__hover_enabled=\u00a0\u00bboff\u00a0\u00bb button_one_border_color__hover=\u00a0\u00bbnull\u00a0\u00bb button_two_border_color__hover_enabled=\u00a0\u00bboff\u00a0\u00bb button_two_border_color__hover=\u00a0\u00bbnull\u00a0\u00bb button_one_border_radius__hover_enabled=\u00a0\u00bboff\u00a0\u00bb button_one_border_radius__hover=\u00a0\u00bbnull\u00a0\u00bb button_two_border_radius__hover_enabled=\u00a0\u00bboff\u00a0\u00bb button_two_border_radius__hover=\u00a0\u00bbnull\u00a0\u00bb button_one_letter_spacing__hover_enabled=\u00a0\u00bboff\u00a0\u00bb button_one_letter_spacing__hover=\u00a0\u00bbnull\u00a0\u00bb button_two_letter_spacing__hover_enabled=\u00a0\u00bboff\u00a0\u00bb button_two_letter_spacing__hover=\u00a0\u00bbnull\u00a0\u00bb button_one_bg_color__hover_enabled=\u00a0\u00bboff\u00a0\u00bb button_one_bg_color__hover=\u00a0\u00bbnull\u00a0\u00bb button_two_bg_color__hover_enabled=\u00a0\u00bboff\u00a0\u00bb button_two_bg_color__hover=\u00a0\u00bbnull\u00a0\u00bb background_image=\u00a0\u00bbhttps:\/\/www.fondationbarletta.org\/wp-content\/uploads\/2019\/04\/mission-banner.jpg\u00a0\u00bb z_index_tablet=\u00a0\u00bb500&Prime; \/][\/et_pb_section][et_pb_section bb_built=\u00a0\u00bb1&Prime; _builder_version=\u00a0\u00bb3.0.47&Prime; prev_background_color=\u00a0\u00bb#000000&Prime;][et_pb_row _builder_version=\u00a0\u00bb3.21.4&Prime; background_size=\u00a0\u00bbinitial\u00a0\u00bb background_position=\u00a0\u00bbtop_left\u00a0\u00bb background_repeat=\u00a0\u00bbrepeat\u00a0\u00bb][et_pb_column type=\u00a0\u00bb4_4&Prime;][et_pb_text _builder_version=\u00a0\u00bb3.21.4&Prime; z_index_tablet=\u00a0\u00bb500&Prime;]<\/p>\n<p style=\"text-align: justify;\"><span style=\"color: #000000; font-size: 14pt;\"><strong>La mission de la FNAB est de favoriser, promouvoir et financer la recherche scientifique afin de permettre une \u00e9valuation pronostique individualis\u00e9e et de d\u00e9velopper des traitements anticanc\u00e9reux personnalis\u00e9s.<\/strong><\/span><\/p>\n<p>\u00a0<\/p>\n<p>[\/et_pb_text][et_pb_text _builder_version=\u00a0\u00bb3.21.4&Prime; module_id=\u00a0\u00bbbase-scientifique\u00a0\u00bb module_class=\u00a0\u00bbtitle-zone\u00a0\u00bb z_index_tablet=\u00a0\u00bb500&Prime;]<\/p>\n<h2>Notre vision<\/h2>\n<p>[\/et_pb_text][et_pb_text _builder_version=\u00a0\u00bb3.21.4&Prime; z_index_tablet=\u00a0\u00bb500&Prime;]<\/p>\n<p><strong><em>Traitements cibl\u00e9s pour chaque patient<\/em><\/strong><\/p>\n<p style=\"text-align: justify;\">Traditionnellement, les choix de traitement pour la majorit\u00e9 des patients atteints de cancer ont \u00e9t\u00e9 guid\u00e9s par les r\u00e9sultats d&rsquo;\u00e9tudes cliniques \u00e0 grande \u00e9chelle, identifiant les traitements les plus efficaces pour un maximum de patients. Les choix de traitement pour un patient individuel ont g\u00e9n\u00e9ralement \u00e9t\u00e9 bas\u00e9s sur le site tumoral, l&rsquo;histologie, la taille et l&rsquo;\u00e9tendue de la maladie. Cette approche limite les r\u00e9sultats pour certaines tumeurs et ne tient pas compte des effets possibles de l&rsquo;\u00e9volution de la tumeur au fil du temps, ni de l&#8217;empreinte des th\u00e9rapies ant\u00e9rieures sur les n\u00e9oplasmes en progression ou r\u00e9cidivants.<\/p>\n<p style=\"text-align: justify;\">Au cours des 30 derni\u00e8res ann\u00e9es, l\u2019accumulation de donn\u00e9es de biologie cellulaire et mol\u00e9culaire nous a permis de mieux comprendre la sensibilit\u00e9 et les m\u00e9canismes de r\u00e9sistance des cellules tumorales aux traitements anticanc\u00e9reux. Alors que l&rsquo;essor des th\u00e9rapies cibl\u00e9es et des inhibiteurs de points de contr\u00f4le immunitaires au cours de la derni\u00e8re d\u00e9cennie a cr\u00e9\u00e9 des options de traitement personnalis\u00e9 pour certains types de cancer courants, cette connaissance scientifique reste peu exploit\u00e9e pour les types de tumeurs peu fr\u00e9quents.<\/p>\n<p style=\"text-align: justify;\">Chaque patient, sa tumeur et ses interactions sont uniques. Chaque maladie raconte sa propre histoire et il est essentiel de comprendre la nature polymorphe de la maladie via ses caract\u00e9ristiques biologiques et \u00e9volutives. L\u2019objectif des th\u00e9rapies individualis\u00e9es est de mettre en \u0153uvre le choix th\u00e9rapeutique optimal adapt\u00e9 au cas individuel de chaque patient en utilisant des donn\u00e9es g\u00e9nomiques, \u00e9pig\u00e9n\u00e9tiques, biologiques et histologiques pour identifier les sp\u00e9cificit\u00e9s de la biologie tumorale et des donn\u00e9es cliniques du patient. Cela implique un changement d&rsquo;orientation de la recherche du d\u00e9veloppement de m\u00e9dicaments et de technologies au ph\u00e9notype patient et tumeur.<\/p>\n<p>&nbsp;<\/p>\n<p>[\/et_pb_text][\/et_pb_column][\/et_pb_row][et_pb_row _builder_version=\u00a0\u00bb3.0.89&Prime;][et_pb_column type=\u00a0\u00bb4_4&Prime;][et_pb_text _builder_version=\u00a0\u00bb3.21.4&Prime; module_class=\u00a0\u00bbtitle-zone\u00a0\u00bb module_id=\u00a0\u00bbobjectifs\u00a0\u00bb z_index_tablet=\u00a0\u00bb500&Prime;]<\/p>\n<h2>Atteindre nos objectifs<\/h2>\n<p>[\/et_pb_text][et_pb_text _builder_version=\u00a0\u00bb3.21.4&Prime; z_index_tablet=\u00a0\u00bb500&Prime;]<\/p>\n<p><em><strong>Optimiser les donn\u00e9es biologiques disponibles<\/strong><\/em><\/p>\n<p style=\"text-align: justify;\">Les efforts de collaboration ont abouti \u00e0 la mise \u00e0 la disposition de la communaut\u00e9 scientifique de vastes r\u00e9seaux de biobanques de tumeurs. Cependant, malgr\u00e9 le potentiel important de ce mat\u00e9riel de recherche, les oncologues ne disposent souvent pas d&rsquo;informations cliniques importantes pour exploiter de mani\u00e8re optimale les donn\u00e9es document\u00e9es dans les banques de tumeurs, telles que l&rsquo;histoire naturelle de la maladie, son \u00e9volution sous un traitement donn\u00e9 et les liens entre les biopsies stock\u00e9es dans la paraffine et dans les biobanques. En outre, ces biobanques et r\u00e9seaux sont g\u00e9n\u00e9ralement consacr\u00e9s aux cancers les plus r\u00e9pandus.<\/p>\n<p style=\"text-align: justify;\"><em><strong>Applications concr\u00e8tes des profils ph\u00e9notypiques<\/strong><\/em><\/p>\n<p style=\"text-align: justify;\">De nombreux tests disponibles permettent d&rsquo;identifier des caract\u00e9ristiques ph\u00e9notypiques sp\u00e9cifiques, qui sont des d\u00e9terminants th\u00e9rapeutiques connus. La corr\u00e9lation de ces r\u00e9sultats avec l&rsquo;histoire naturelle et l&rsquo;\u00e9volution de patients trait\u00e9s pr\u00e9sentant de telles caract\u00e9ristiques nous rapprochera d&rsquo;un traitement r\u00e9ellement individualis\u00e9 pour les futurs patients.<\/p>\n<p style=\"text-align: justify;\"><em><strong>Cr\u00e9ation de r\u00e9seaux et de liens de recherche<\/strong><\/em><\/p>\n<p style=\"text-align: justify;\">En publiant les r\u00e9sultats et en communiquant les informations aux \u00e9quipes directement impliqu\u00e9es dans les th\u00e9rapies personnalis\u00e9es, la FNAB contribue \u00e0 d\u00e9velopper des r\u00e9seaux de coop\u00e9ration en m\u00e9decine translationnelle pouvant aider les m\u00e9decins du monde entier et \u00e0 am\u00e9liorer le flux et la structure des informations pour obtenir des r\u00e9sultats de traitement positifs. Des progr\u00e8s importants ont \u00e9t\u00e9 observ\u00e9s chez les oncologues, \u00e9tablissant un lien entre la recherche en biologie tumorale et le traitement de routine de leurs patients. Le FNAB vise \u00e0 soutenir les nouveaux oncologues translationnels dans les centres d\u2019excellence afin de promouvoir des th\u00e9rapies personnalis\u00e9es pour les patients atteints d\u2019entit\u00e9s oncologiques rares ou de sous-entit\u00e9s cliniquement pertinentes parmi les n\u00e9oplasmes pr\u00e9valents.<\/p>\n<p>&nbsp;<\/p>\n<p>[\/et_pb_text][\/et_pb_column][\/et_pb_row][\/et_pb_section]<\/p>\n","protected":false},"excerpt":{"rendered":"<p>La mission de la FNAB est de favoriser, promouvoir et financer la recherche scientifique afin de permettre une \u00e9valuation pronostique individualis\u00e9e et de d\u00e9velopper des traitements anticanc\u00e9reux personnalis\u00e9s.\u00a0 Notre vision Traitements cibl\u00e9s pour chaque patient Traditionnellement, les choix de traitement pour la majorit\u00e9 des patients atteints de cancer ont \u00e9t\u00e9 guid\u00e9s par les r\u00e9sultats d&rsquo;\u00e9tudes [&hellip;]<\/p>\n","protected":false},"author":1,"featured_media":0,"parent":0,"menu_order":0,"comment_status":"closed","ping_status":"closed","template":"","meta":{"_et_pb_use_builder":"on","_et_pb_old_content":"","_et_gb_content_width":"","footnotes":""},"class_list":["post-169","page","type-page","status-publish","hentry"],"aioseo_notices":[],"_links":{"self":[{"href":"https:\/\/www.fondationbarletta.org\/fr\/wp-json\/wp\/v2\/pages\/169","targetHints":{"allow":["GET"]}}],"collection":[{"href":"https:\/\/www.fondationbarletta.org\/fr\/wp-json\/wp\/v2\/pages"}],"about":[{"href":"https:\/\/www.fondationbarletta.org\/fr\/wp-json\/wp\/v2\/types\/page"}],"author":[{"embeddable":true,"href":"https:\/\/www.fondationbarletta.org\/fr\/wp-json\/wp\/v2\/users\/1"}],"replies":[{"embeddable":true,"href":"https:\/\/www.fondationbarletta.org\/fr\/wp-json\/wp\/v2\/comments?post=169"}],"version-history":[{"count":46,"href":"https:\/\/www.fondationbarletta.org\/fr\/wp-json\/wp\/v2\/pages\/169\/revisions"}],"predecessor-version":[{"id":1387,"href":"https:\/\/www.fondationbarletta.org\/fr\/wp-json\/wp\/v2\/pages\/169\/revisions\/1387"}],"wp:attachment":[{"href":"https:\/\/www.fondationbarletta.org\/fr\/wp-json\/wp\/v2\/media?parent=169"}],"curies":[{"name":"wp","href":"https:\/\/api.w.org\/{rel}","templated":true}]}}