{"id":382,"date":"2017-12-08T07:52:14","date_gmt":"2017-12-08T06:52:14","guid":{"rendered":"https:\/\/www.fondationbarletta.org\/?page_id=382"},"modified":"2019-10-17T12:49:10","modified_gmt":"2019-10-17T10:49:10","slug":"historique","status":"publish","type":"page","link":"https:\/\/www.fondationbarletta.org\/fr\/historique\/","title":{"rendered":"Historique"},"content":{"rendered":"<p>[et_pb_section bb_built=\u00a0\u00bb1&Prime; fullwidth=\u00a0\u00bbon\u00a0\u00bb specialty=\u00a0\u00bboff\u00a0\u00bb inner_shadow=\u00a0\u00bbon\u00a0\u00bb _builder_version=\u00a0\u00bb3.21.4&Prime; next_background_color=\u00a0\u00bb#000000&Prime; z_index_tablet=\u00a0\u00bb500&Prime;][et_pb_fullwidth_header title=\u00a0\u00bbHistorique\u00a0\u00bb _builder_version=\u00a0\u00bb3.21.4&Prime; background_color=\u00a0\u00bbrgba(255, 255, 255, 0)\u00a0\u00bb button_one_text_size__hover_enabled=\u00a0\u00bboff\u00a0\u00bb button_one_text_size__hover=\u00a0\u00bbnull\u00a0\u00bb button_two_text_size__hover_enabled=\u00a0\u00bboff\u00a0\u00bb button_two_text_size__hover=\u00a0\u00bbnull\u00a0\u00bb button_one_text_color__hover_enabled=\u00a0\u00bboff\u00a0\u00bb button_one_text_color__hover=\u00a0\u00bbnull\u00a0\u00bb button_two_text_color__hover_enabled=\u00a0\u00bboff\u00a0\u00bb button_two_text_color__hover=\u00a0\u00bbnull\u00a0\u00bb button_one_border_width__hover_enabled=\u00a0\u00bboff\u00a0\u00bb button_one_border_width__hover=\u00a0\u00bbnull\u00a0\u00bb button_two_border_width__hover_enabled=\u00a0\u00bboff\u00a0\u00bb button_two_border_width__hover=\u00a0\u00bbnull\u00a0\u00bb button_one_border_color__hover_enabled=\u00a0\u00bboff\u00a0\u00bb button_one_border_color__hover=\u00a0\u00bbnull\u00a0\u00bb button_two_border_color__hover_enabled=\u00a0\u00bboff\u00a0\u00bb button_two_border_color__hover=\u00a0\u00bbnull\u00a0\u00bb button_one_border_radius__hover_enabled=\u00a0\u00bboff\u00a0\u00bb button_one_border_radius__hover=\u00a0\u00bbnull\u00a0\u00bb button_two_border_radius__hover_enabled=\u00a0\u00bboff\u00a0\u00bb button_two_border_radius__hover=\u00a0\u00bbnull\u00a0\u00bb button_one_letter_spacing__hover_enabled=\u00a0\u00bboff\u00a0\u00bb button_one_letter_spacing__hover=\u00a0\u00bbnull\u00a0\u00bb button_two_letter_spacing__hover_enabled=\u00a0\u00bboff\u00a0\u00bb button_two_letter_spacing__hover=\u00a0\u00bbnull\u00a0\u00bb button_one_bg_color__hover_enabled=\u00a0\u00bboff\u00a0\u00bb button_one_bg_color__hover=\u00a0\u00bbnull\u00a0\u00bb button_two_bg_color__hover_enabled=\u00a0\u00bboff\u00a0\u00bb button_two_bg_color__hover=\u00a0\u00bbnull\u00a0\u00bb z_index_tablet=\u00a0\u00bb500&Prime; background_image=\u00a0\u00bbhttps:\/\/www.fondationbarletta.org\/wp-content\/uploads\/2019\/04\/historique-banner.jpg\u00a0\u00bb \/][\/et_pb_section][et_pb_section bb_built=\u00a0\u00bb1&Prime; prev_background_color=\u00a0\u00bb#000000&Prime;][et_pb_row _builder_version=\u00a0\u00bb3.0.89&Prime; module_class=\u00a0\u00bbintroduction-title-area\u00a0\u00bb][et_pb_column type=\u00a0\u00bb4_4&Prime;][et_pb_text _builder_version=\u00a0\u00bb3.21.4&Prime; background_layout=\u00a0\u00bblight\u00a0\u00bb module_class=\u00a0\u00bbintroduction-title title-zone\u00a0\u00bb]<\/p>\n<h2>Le legs de Nelia Barletta De Cates<\/h2>\n<p>[\/et_pb_text][et_pb_text _builder_version=\u00a0\u00bb3.21.4&Prime; text_orientation=\u00a0\u00bbjustified\u00a0\u00bb z_index_tablet=\u00a0\u00bb500&Prime;]<\/p>\n<p>Nelia Barletta de Cates a lutt\u00e9 courageusement contre le cancer du pancr\u00e9as au cours des quatre derni\u00e8res ann\u00e9es de sa vie. Son implication dans la recherche contre le cancer a d\u00e9but\u00e9 plusieurs d\u00e9cennies plus t\u00f4t en soutenant un membre proche de la famille. Nelia a ensuite collect\u00e9 des fonds pour le compte du Memorial Sloan Kettering Cancer Center \u00e0 New York et est devenue l&rsquo;une de ses principales collectrices de fonds.<\/p>\n<p>Apr\u00e8s avoir b\u00e9n\u00e9fici\u00e9 dans sa propre lutte contre le cancer d\u2019une approche multidisciplinaire, fond\u00e9e sur une th\u00e9rapie innovante et individualis\u00e9e, Nelia a consacr\u00e9 son soutien \u00e0 la recherche de traitements du cancer personnalis\u00e9s et a cr\u00e9\u00e9 la Fondation Nelia et Amadeo Barletta (FNAB) \u00e0 la m\u00e9moire de ses parents. La Fondation a \u00e9t\u00e9 cr\u00e9\u00e9e dans le canton de Vaud peu de temps avant sa disparition, en septembre 2002, avec l&rsquo;aide de M. Yves Paternot. Elle a l\u00e9gu\u00e9 la majorit\u00e9 de ses biens, y compris son prestigieux appartement parisien et son contenu, dont une riche collection de meubles et d&rsquo;objets d&rsquo;art, vendus aux ench\u00e8res par Christies en 2003. Elle souhaitait express\u00e9ment que cet h\u00e9ritage g\u00e9n\u00e9reux permette \u00e0 d&rsquo;autres, apr\u00e8s elle, de b\u00e9n\u00e9ficier de la recherche. Depuis, des dons ont \u00e9t\u00e9 vers\u00e9s \u00e0 la FNAB par d\u2019autres patients atteints de cancer et par leurs familles.<\/p>\n<p>Depuis sa cr\u00e9ation, la direction scientifique de la FNAB a \u00e9t\u00e9 confi\u00e9e au professeur Esteban Cvitkovic, oncologue de Madame Cates. Yves Paternot, entrepreneur et investisseur suisse bien connu, et patient du professeur Cvitkovic, a \u00e9t\u00e9 le premier pr\u00e9sident de la FNAB. Membre de nombreuses fondations, M. Paternot a \u00e9t\u00e9 l\u2019un des piliers de la collecte de fonds pour la recherche sur le cancer en Suisse, notamment au sein de l\u2019ISREC (Institut Suisse de Recherche Exp\u00e9rimentale sur le Cancer) et de l\u2019H\u00f4pital universitaire de Lausanne, le CHUV. Yves a fait \u00e9cho aux souhaits de Mme Cates et a \u00e9t\u00e9 pr\u00e9sident du conseil de fondation de la FNAB jusqu&rsquo;en 2015, peu avant sa disparition. M. Philippe Calame, banquier et gestionnaire des investissements, ardent d\u00e9fenseur de nombreuses causes de la recherche m\u00e9dicale, pr\u00e9side actuellement le conseil de fondation de la FNAB et poursuit dans l\u2019esprit de la cause ch\u00e8re \u00e0 la FNAB.<\/p>\n<p>[\/et_pb_text][\/et_pb_column][\/et_pb_row][\/et_pb_section]<\/p>\n","protected":false},"excerpt":{"rendered":"<p>Le legs de Nelia Barletta De Cates Nelia Barletta de Cates a lutt\u00e9 courageusement contre le cancer du pancr\u00e9as au cours des quatre derni\u00e8res ann\u00e9es de sa vie. Son implication dans la recherche contre le cancer a d\u00e9but\u00e9 plusieurs d\u00e9cennies plus t\u00f4t en soutenant un membre proche de la famille. Nelia a ensuite collect\u00e9 des [&hellip;]<\/p>\n","protected":false},"author":1,"featured_media":0,"parent":0,"menu_order":0,"comment_status":"closed","ping_status":"closed","template":"","meta":{"_et_pb_use_builder":"on","_et_pb_old_content":"","_et_gb_content_width":"","footnotes":""},"class_list":["post-382","page","type-page","status-publish","hentry"],"aioseo_notices":[],"_links":{"self":[{"href":"https:\/\/www.fondationbarletta.org\/fr\/wp-json\/wp\/v2\/pages\/382","targetHints":{"allow":["GET"]}}],"collection":[{"href":"https:\/\/www.fondationbarletta.org\/fr\/wp-json\/wp\/v2\/pages"}],"about":[{"href":"https:\/\/www.fondationbarletta.org\/fr\/wp-json\/wp\/v2\/types\/page"}],"author":[{"embeddable":true,"href":"https:\/\/www.fondationbarletta.org\/fr\/wp-json\/wp\/v2\/users\/1"}],"replies":[{"embeddable":true,"href":"https:\/\/www.fondationbarletta.org\/fr\/wp-json\/wp\/v2\/comments?post=382"}],"version-history":[{"count":24,"href":"https:\/\/www.fondationbarletta.org\/fr\/wp-json\/wp\/v2\/pages\/382\/revisions"}],"predecessor-version":[{"id":1347,"href":"https:\/\/www.fondationbarletta.org\/fr\/wp-json\/wp\/v2\/pages\/382\/revisions\/1347"}],"wp:attachment":[{"href":"https:\/\/www.fondationbarletta.org\/fr\/wp-json\/wp\/v2\/media?parent=382"}],"curies":[{"name":"wp","href":"https:\/\/api.w.org\/{rel}","templated":true}]}}