{"id":496,"date":"2018-05-03T11:03:03","date_gmt":"2018-05-03T09:03:03","guid":{"rendered":"https:\/\/www.fondationbarletta.org\/?page_id=496"},"modified":"2025-06-23T11:50:12","modified_gmt":"2025-06-23T09:50:12","slug":"dons","status":"publish","type":"page","link":"https:\/\/www.fondationbarletta.org\/fr\/dons\/","title":{"rendered":"Dons"},"content":{"rendered":"<p>[et_pb_section fb_built=\u00a0\u00bb1&Prime; inner_shadow=\u00a0\u00bbon\u00a0\u00bb fullwidth=\u00a0\u00bbon\u00a0\u00bb _builder_version=\u00a0\u00bb4.16&Prime; z_index_tablet=\u00a0\u00bb500&Prime; global_colors_info=\u00a0\u00bb{}\u00a0\u00bb][et_pb_fullwidth_header title=\u00a0\u00bbDons\u00a0\u00bb _builder_version=\u00a0\u00bb4.16&Prime; background_color=\u00a0\u00bbrgba(255, 255, 255, 0)\u00a0\u00bb background_image=\u00a0\u00bbhttps:\/\/www.fondationbarletta.org\/wp-content\/uploads\/2019\/04\/ampoules-banner.jpg\u00a0\u00bb z_index_tablet=\u00a0\u00bb500&Prime; global_colors_info=\u00a0\u00bb{}\u00a0\u00bb button_one_text_size__hover_enabled=\u00a0\u00bboff\u00a0\u00bb button_one_text_size__hover=\u00a0\u00bbnull\u00a0\u00bb button_two_text_size__hover_enabled=\u00a0\u00bboff\u00a0\u00bb button_two_text_size__hover=\u00a0\u00bbnull\u00a0\u00bb button_one_text_color__hover_enabled=\u00a0\u00bboff\u00a0\u00bb button_one_text_color__hover=\u00a0\u00bbnull\u00a0\u00bb button_two_text_color__hover_enabled=\u00a0\u00bboff\u00a0\u00bb button_two_text_color__hover=\u00a0\u00bbnull\u00a0\u00bb button_one_border_width__hover_enabled=\u00a0\u00bboff\u00a0\u00bb button_one_border_width__hover=\u00a0\u00bbnull\u00a0\u00bb button_two_border_width__hover_enabled=\u00a0\u00bboff\u00a0\u00bb button_two_border_width__hover=\u00a0\u00bbnull\u00a0\u00bb button_one_border_color__hover_enabled=\u00a0\u00bboff\u00a0\u00bb button_one_border_color__hover=\u00a0\u00bbnull\u00a0\u00bb button_two_border_color__hover_enabled=\u00a0\u00bboff\u00a0\u00bb button_two_border_color__hover=\u00a0\u00bbnull\u00a0\u00bb button_one_border_radius__hover_enabled=\u00a0\u00bboff\u00a0\u00bb button_one_border_radius__hover=\u00a0\u00bbnull\u00a0\u00bb button_two_border_radius__hover_enabled=\u00a0\u00bboff\u00a0\u00bb button_two_border_radius__hover=\u00a0\u00bbnull\u00a0\u00bb button_one_letter_spacing__hover_enabled=\u00a0\u00bboff\u00a0\u00bb button_one_letter_spacing__hover=\u00a0\u00bbnull\u00a0\u00bb button_two_letter_spacing__hover_enabled=\u00a0\u00bboff\u00a0\u00bb button_two_letter_spacing__hover=\u00a0\u00bbnull\u00a0\u00bb button_one_bg_color__hover_enabled=\u00a0\u00bboff\u00a0\u00bb button_one_bg_color__hover=\u00a0\u00bbnull\u00a0\u00bb button_two_bg_color__hover_enabled=\u00a0\u00bboff\u00a0\u00bb button_two_bg_color__hover=\u00a0\u00bbnull\u00a0\u00bb][\/et_pb_fullwidth_header][\/et_pb_section][et_pb_section fb_built=\u00a0\u00bb1&Prime; _builder_version=\u00a0\u00bb4.16&Prime; global_colors_info=\u00a0\u00bb{}\u00a0\u00bb][et_pb_row module_class=\u00a0\u00bbintroduction-title-area\u00a0\u00bb _builder_version=\u00a0\u00bb4.16&Prime; global_colors_info=\u00a0\u00bb{}\u00a0\u00bb][et_pb_column type=\u00a0\u00bb4_4&Prime; _builder_version=\u00a0\u00bb4.16&Prime; custom_padding=\u00a0\u00bb|||\u00a0\u00bb global_colors_info=\u00a0\u00bb{}\u00a0\u00bb custom_padding__hover=\u00a0\u00bb|||\u00a0\u00bb][et_pb_text module_class=\u00a0\u00bbintroduction-title title-zone\u00a0\u00bb _builder_version=\u00a0\u00bb4.16&Prime; z_index_tablet=\u00a0\u00bb500&Prime; global_colors_info=\u00a0\u00bb{}\u00a0\u00bb]<\/p>\n<h2>Rejoignez-nous dans la lutte contre le cancer<\/h2>\n<p>[\/et_pb_text][et_pb_text _builder_version=\u00a0\u00bb4.27.4&Prime; hover_enabled=\u00a0\u00bb0&Prime; z_index_tablet=\u00a0\u00bb500&Prime; global_colors_info=\u00a0\u00bb{}\u00a0\u00bb sticky_enabled=\u00a0\u00bb0&Prime;]<\/p>\n<p>Les donations \u00e0 la FNAB peuvent b\u00e9n\u00e9ficier d\u2019une exon\u00e9ration d\u2019imp\u00f4t\u2013 voir <a href=\"https:\/\/www.fondationbarletta.org\/wp-content\/uploads\/2018\/09\/FNAB-statut-fiscal.pdf\">Statut fiscal<\/a>\u00a0et\u00a0<a href=\"https:\/\/www.fondationbarletta.org\/wp-content\/uploads\/2018\/09\/FNAB-d%C3%A9cuctibilit%C3%A9-des-dons.pdf\">D\u00e9ductibilit\u00e9 des dons<\/a>.<\/p>\n<p>Pour faire un don \u00e0 la Fondation :<\/p>\n<table style=\"width: 84.4746%; border-collapse: collapse; border-style: none;\" border=\"0\">\n<tbody>\n<tr>\n<td style=\"border-style: none; width: 10%;\">BENEFICIAIRE<\/td>\n<td style=\"border-style: none; width: 90%;\">FONDATION NELIA ET AMADEO BARLETTA<\/td>\n<\/tr>\n<tr>\n<td style=\"border-style: none; width: 10%;\">IBAN<\/td>\n<td style=\"border-style: none; width: 90%;\">CH93 0876 0000 0045 7180 0<\/td>\n<\/tr>\n<tr>\n<td style=\"border-style: none; width: 10%;\">BIC\/SWIFT<\/td>\n<td style=\"border-style: none; width: 90%;\">LOCYCHGG<\/td>\n<\/tr>\n<tr>\n<td style=\"border-style: none; width: 10%;\">BANQUE<\/td>\n<td style=\"border-style: none; width: 90%;\">LOMBARD ODIER, GENEVE, SUISSE<\/td>\n<\/tr>\n<\/tbody>\n<\/table>\n<p><em><strong>Merci de nous rejoindre dans la lutte contre le cancer.<\/strong><\/em><\/p>\n<p>&nbsp;<\/p>\n<p>[\/et_pb_text][et_pb_code _builder_version=\u00a0\u00bb4.16&Prime; z_index_tablet=\u00a0\u00bb500&Prime; global_colors_info=\u00a0\u00bb{}\u00a0\u00bb]<script language=\"javascript\" src=\"https:\/\/widget.raisenow.com\/widgets\/lema\/nelia-d8ef\/js\/dds-init-widget-fr.js\" type=\"text\/javascript\"><\/script><!-- [et_pb_line_break_holder] --><\/p>\n<div class=\"dds-widget-container\" data-widget=\"lema\"><\/div>\n<p>[\/et_pb_code][\/et_pb_column][\/et_pb_row][\/et_pb_section]<\/p>\n","protected":false},"excerpt":{"rendered":"<p>Rejoignez-nous dans la lutte contre le cancer Les donations \u00e0 la FNAB peuvent b\u00e9n\u00e9ficier d\u2019une exon\u00e9ration d\u2019imp\u00f4t\u2013 voir Statut fiscal\u00a0et\u00a0D\u00e9ductibilit\u00e9 des dons. Pour faire un don \u00e0 la Fondation : BENEFICIAIRE FONDATION NELIA ET AMADEO BARLETTA IBAN CH93 0876 0000 0045 7180 0 BIC\/SWIFT LOCYCHGG BANQUE LOMBARD ODIER, GENEVE, SUISSE Merci de nous rejoindre dans [&hellip;]<\/p>\n","protected":false},"author":9,"featured_media":0,"parent":0,"menu_order":0,"comment_status":"closed","ping_status":"closed","template":"","meta":{"_et_pb_use_builder":"on","_et_pb_old_content":"","_et_gb_content_width":"","footnotes":""},"class_list":["post-496","page","type-page","status-publish","hentry"],"aioseo_notices":[],"_links":{"self":[{"href":"https:\/\/www.fondationbarletta.org\/fr\/wp-json\/wp\/v2\/pages\/496","targetHints":{"allow":["GET"]}}],"collection":[{"href":"https:\/\/www.fondationbarletta.org\/fr\/wp-json\/wp\/v2\/pages"}],"about":[{"href":"https:\/\/www.fondationbarletta.org\/fr\/wp-json\/wp\/v2\/types\/page"}],"author":[{"embeddable":true,"href":"https:\/\/www.fondationbarletta.org\/fr\/wp-json\/wp\/v2\/users\/9"}],"replies":[{"embeddable":true,"href":"https:\/\/www.fondationbarletta.org\/fr\/wp-json\/wp\/v2\/comments?post=496"}],"version-history":[{"count":30,"href":"https:\/\/www.fondationbarletta.org\/fr\/wp-json\/wp\/v2\/pages\/496\/revisions"}],"predecessor-version":[{"id":1736,"href":"https:\/\/www.fondationbarletta.org\/fr\/wp-json\/wp\/v2\/pages\/496\/revisions\/1736"}],"wp:attachment":[{"href":"https:\/\/www.fondationbarletta.org\/fr\/wp-json\/wp\/v2\/media?parent=496"}],"curies":[{"name":"wp","href":"https:\/\/api.w.org\/{rel}","templated":true}]}}