{"id":499,"date":"2018-05-03T11:16:59","date_gmt":"2018-05-03T09:16:59","guid":{"rendered":"https:\/\/www.fondationbarletta.org\/?page_id=499"},"modified":"2019-10-17T13:24:41","modified_gmt":"2019-10-17T11:24:41","slug":"guide-de-financement","status":"publish","type":"page","link":"https:\/\/www.fondationbarletta.org\/fr\/guide-de-financement\/","title":{"rendered":"Guide de financement"},"content":{"rendered":"<p>[et_pb_section bb_built=\u00a0\u00bb1&Prime; fullwidth=\u00a0\u00bbon\u00a0\u00bb specialty=\u00a0\u00bboff\u00a0\u00bb inner_shadow=\u00a0\u00bbon\u00a0\u00bb _builder_version=\u00a0\u00bb3.21.4&Prime; next_background_color=\u00a0\u00bb#000000&Prime; z_index_tablet=\u00a0\u00bb500&Prime;][et_pb_fullwidth_header title=\u00a0\u00bbGuide de financement\u00a0\u00bb _builder_version=\u00a0\u00bb3.21.4&Prime; background_color=\u00a0\u00bbrgba(255, 255, 255, 0)\u00a0\u00bb button_one_text_size__hover_enabled=\u00a0\u00bboff\u00a0\u00bb button_one_text_size__hover=\u00a0\u00bbnull\u00a0\u00bb button_two_text_size__hover_enabled=\u00a0\u00bboff\u00a0\u00bb button_two_text_size__hover=\u00a0\u00bbnull\u00a0\u00bb button_one_text_color__hover_enabled=\u00a0\u00bboff\u00a0\u00bb button_one_text_color__hover=\u00a0\u00bbnull\u00a0\u00bb button_two_text_color__hover_enabled=\u00a0\u00bboff\u00a0\u00bb button_two_text_color__hover=\u00a0\u00bbnull\u00a0\u00bb button_one_border_width__hover_enabled=\u00a0\u00bboff\u00a0\u00bb button_one_border_width__hover=\u00a0\u00bbnull\u00a0\u00bb button_two_border_width__hover_enabled=\u00a0\u00bboff\u00a0\u00bb button_two_border_width__hover=\u00a0\u00bbnull\u00a0\u00bb button_one_border_color__hover_enabled=\u00a0\u00bboff\u00a0\u00bb button_one_border_color__hover=\u00a0\u00bbnull\u00a0\u00bb button_two_border_color__hover_enabled=\u00a0\u00bboff\u00a0\u00bb button_two_border_color__hover=\u00a0\u00bbnull\u00a0\u00bb button_one_border_radius__hover_enabled=\u00a0\u00bboff\u00a0\u00bb button_one_border_radius__hover=\u00a0\u00bbnull\u00a0\u00bb button_two_border_radius__hover_enabled=\u00a0\u00bboff\u00a0\u00bb button_two_border_radius__hover=\u00a0\u00bbnull\u00a0\u00bb button_one_letter_spacing__hover_enabled=\u00a0\u00bboff\u00a0\u00bb button_one_letter_spacing__hover=\u00a0\u00bbnull\u00a0\u00bb button_two_letter_spacing__hover_enabled=\u00a0\u00bboff\u00a0\u00bb button_two_letter_spacing__hover=\u00a0\u00bbnull\u00a0\u00bb button_one_bg_color__hover_enabled=\u00a0\u00bboff\u00a0\u00bb button_one_bg_color__hover=\u00a0\u00bbnull\u00a0\u00bb button_two_bg_color__hover_enabled=\u00a0\u00bboff\u00a0\u00bb button_two_bg_color__hover=\u00a0\u00bbnull\u00a0\u00bb background_image=\u00a0\u00bbhttps:\/\/www.fondationbarletta.org\/wp-content\/uploads\/2019\/04\/pipette_jaugee-banner.jpg\u00a0\u00bb z_index_tablet=\u00a0\u00bb500&Prime; \/][\/et_pb_section][et_pb_section bb_built=\u00a0\u00bb1&Prime; prev_background_color=\u00a0\u00bb#000000&Prime; _builder_version=\u00a0\u00bb3.21.4&Prime; module_class=\u00a0\u00bbfinancement\u00a0\u00bb z_index_tablet=\u00a0\u00bb500&Prime;][et_pb_row _builder_version=\u00a0\u00bb3.0.89&Prime; module_class=\u00a0\u00bbintroduction-title-area\u00a0\u00bb][et_pb_column type=\u00a0\u00bb4_4&Prime;][et_pb_text _builder_version=\u00a0\u00bb3.21.4&Prime; z_index_tablet=\u00a0\u00bb500&Prime;]<\/p>\n<p><span style=\"font-size: large;\"><strong>Demandes de financement aupr\u00e8s de la FNAB<\/strong><\/span><\/p>\n<ul>\n<li style=\"text-align: justify;\">Les subventions sont attribu\u00e9es chaque ann\u00e9e \u00e0 des chercheurs translationnels de programmes de ma\u00eetrise ou de doctorat qui permettent la caract\u00e9risation ph\u00e9notypique des tumeurs et l&rsquo;identification de nouvelles cibles.<\/li>\n<li style=\"text-align: justify;\">G\u00e9n\u00e9ralement, le financement est principalement li\u00e9 \u00e0 des types de cancer relativement rares, dans des centres o\u00f9 le recrutement tertiaire de ces types de cancer est pr\u00e9dominant, avec une base de donn\u00e9es clinique disponible.<\/li>\n<li style=\"text-align: justify;\">Subvention initiale d&rsquo;un an, renouvelable une fois et dans des cas exceptionnels, deux fois.<\/li>\n<li style=\"text-align: justify;\">Evaluation annuelle du statut du projet par le conseil scientifique de la FNAB (son renouvellement d\u00e9pend de la soumission d&rsquo;un rapport sur l&rsquo;\u00e9tat du projet).<\/li>\n<\/ul>\n<p style=\"text-align: justify;\"><strong>Pour pouvoir b\u00e9n\u00e9ficier d&rsquo;un soutien financier,<\/strong> votre demande doit inclure:<\/p>\n<ul>\n<li style=\"text-align: justify;\">But(s) et description d\u00e9taill\u00e9e du projet scientifique li\u00e9 aux missions de la FNAB (y compris type de maladie\/type d&rsquo;entit\u00e9, nombre estim\u00e9 de patients accessibles, d\u00e9tails des tissus tumoraux disponibles et donn\u00e9es cliniques).<\/li>\n<li style=\"text-align: justify;\">Budget d\u00e9taill\u00e9 (salaires et co\u00fbts, y compris les mat\u00e9riaux et les frais g\u00e9n\u00e9raux).<\/li>\n<li style=\"text-align: justify;\">CV incluant vos publications.<\/li>\n<li style=\"text-align: justify;\">Lettre de recommandation.<\/li>\n<li style=\"text-align: justify;\"><span style=\"text-decoration: underline;\">Remarque<\/span>: les demandes de financement pour les \u00e9tudiants \u00e0 la ma\u00eetrise ou au doctorat doivent \u00eatre examin\u00e9es, approuv\u00e9es et soumises \u00e0 la FNAB par le directeur du programme.<\/li>\n<\/ul>\n<p style=\"text-align: justify;\">Pour plus d\u2019information sur l\u2019\u00e9ligibilit\u00e9 potentielle de votre projet ou pour soumettre une demande, contactez-nous \u00e0 <a href=\"mailto:info@fondationbarletta.org\" target=\"_blank\" rel=\"noopener noreferrer\">info@fondationbarletta.org<\/a><\/p>\n<p>En savoir plus sur notre <a href=\"https:\/\/www.fondationbarletta.org\/programme\/\">programme<\/a> et visiter les <a href=\"https:\/\/www.fondationbarletta.org\/nos-projets\/\">projets soutenus<\/a>.<\/p>\n<pre id=\"tw-target-text\" class=\"tw-data-text tw-text-large tw-ta\" dir=\"ltr\" data-placeholder=\"Traduction\">\u00a0<\/pre>\n<p>\u00a0<\/p>\n<p>[\/et_pb_text][\/et_pb_column][\/et_pb_row][\/et_pb_section]<\/p>\n","protected":false},"excerpt":{"rendered":"<p>Demandes de financement aupr\u00e8s de la FNABLes subventions sont attribu\u00e9es chaque ann\u00e9e \u00e0 des chercheurs translationnels de programmes de ma\u00eetrise ou de doctorat qui permettent la caract\u00e9risation ph\u00e9notypique des tumeurs et l&rsquo;identification de nouvelles cibles.G\u00e9n\u00e9ralement, le financement est principalement li\u00e9 \u00e0 des types de cancer relativement rares, dans des centres o\u00f9 le recrutement tertiaire de [&hellip;]<\/p>\n","protected":false},"author":9,"featured_media":0,"parent":0,"menu_order":0,"comment_status":"closed","ping_status":"closed","template":"","meta":{"_et_pb_use_builder":"on","_et_pb_old_content":"","_et_gb_content_width":"","footnotes":""},"class_list":["post-499","page","type-page","status-publish","hentry"],"aioseo_notices":[],"_links":{"self":[{"href":"https:\/\/www.fondationbarletta.org\/fr\/wp-json\/wp\/v2\/pages\/499","targetHints":{"allow":["GET"]}}],"collection":[{"href":"https:\/\/www.fondationbarletta.org\/fr\/wp-json\/wp\/v2\/pages"}],"about":[{"href":"https:\/\/www.fondationbarletta.org\/fr\/wp-json\/wp\/v2\/types\/page"}],"author":[{"embeddable":true,"href":"https:\/\/www.fondationbarletta.org\/fr\/wp-json\/wp\/v2\/users\/9"}],"replies":[{"embeddable":true,"href":"https:\/\/www.fondationbarletta.org\/fr\/wp-json\/wp\/v2\/comments?post=499"}],"version-history":[{"count":23,"href":"https:\/\/www.fondationbarletta.org\/fr\/wp-json\/wp\/v2\/pages\/499\/revisions"}],"predecessor-version":[{"id":1359,"href":"https:\/\/www.fondationbarletta.org\/fr\/wp-json\/wp\/v2\/pages\/499\/revisions\/1359"}],"wp:attachment":[{"href":"https:\/\/www.fondationbarletta.org\/fr\/wp-json\/wp\/v2\/media?parent=499"}],"curies":[{"name":"wp","href":"https:\/\/api.w.org\/{rel}","templated":true}]}}